{"id":4278,"date":"2018-09-17T17:29:04","date_gmt":"2018-09-17T15:29:04","guid":{"rendered":"http:\/\/www.marinalav.hr\/?page_id=4278\/"},"modified":"2018-09-17T17:29:04","modified_gmt":"2018-09-17T15:29:04","slug":"cookie-policy","status":"publish","type":"page","link":"https:\/\/marinalav.hr\/it\/cookie-policy\/","title":{"rendered":"Cookie policy"},"content":{"rendered":"<p>Affinch\u00e9 la pagina web Marina Lav.hr funzioni correttamente e noi siamo in grado di fare ulteriori progressi per migliorare la Sua esperienza di navigazione, il medesimo sito deve salvare una piccola quantit\u00e0 di informazioni (cookies) sul Suo computer. Oltre il 90% delle pagine web utilizza questa pratica, ma a causa della normativa UE del 25 marzo 2011, abbiamo l&#8217;obbligo di chiedere il consenso dell&#8217;utente prima di poter salvare i cookies. Proseguendo nella navigazione della pagina web, l&#8217;utente accetta la normativa cookies. Bloccando i cookies, \u00e8 ancora possibile visitare la pagina web, ma alcune delle sue funzionalit\u00e0 non saranno disponibili.<\/p>\n<p><strong>Cos&#8217;\u00e8 un cookie?<\/strong><\/p>\n<p>Le informazioni sui cookies vengono salvate sul Suo computer dal sito web che visita. I cookies normalmente salvano le Sue impostazioni, le impostazioni della pagina web, come la Sua lingua preferita o l&#8217;indirizzo. Successivamente, quando si riapre la stessa pagina web, il browser  restituisce i cookies che appartengono a tale pagina. Ci\u00f2 consente alla pagina di visualizzare informazioni personalizzate in base alle proprie esigenze.<\/p>\n<p>I cookies possono memorizzare una vasta gamma di informazioni, incluse informazioni personali (come il Suo nome o indirizzo e-mail). Tuttavia, queste informazioni possono essere salvate solo qualora vengano abilite: le pagine web non possono accedere alle informazioni che non ha fornito e non possono accedere ad altri file sul Suo computer. L&#8217;attivit\u00e0 predefinita per il salvataggio e l&#8217;invio di cookies non \u00e8 visibile all&#8217;utente. Tuttavia, \u00e8 possibile modificare le impostazioni del browser in modo da poter scegliere autonomamente se dare o negare il consenso all\u2019utilizzo di cookies, eliminare automaticamente i cookies alla chiusura  del browser  e simili.<\/p>\n<p><strong>Come disabilitare i cookies?<\/strong><\/p>\n<p>Disattivando i cookies decide se dare o negare il consenso ai cookies di essere memorizzati sul proprio computer. Le impostazioni dei cookies possono essere controllate e configurate nel Suo browser. Per informazioni sulle impostazioni dei cookies, selezionare il browser Internet che si sta utilizzando.<\/p>\n<p><a href=\"https:\/\/support.google.com\/accounts\/answer\/61416?hl=it\">Chrome<\/a><br \/>\n<a href=\"https:\/\/support.mozilla.org\/en-US\/kb\/enable-and-disable-cookies-website-preferences\">Firefox<\/a><br \/>\n<a href=\"http:\/\/windows.microsoft.com\/en-us\/windows7\/block-enable-or-allow-cookies\">Internet Explorer 9<\/a><br \/>\n<a href=\"http:\/\/windows.microsoft.com\/en-us\/windows7\/block-enable-or-allow-cookies\">Internet Explorer 7 i 8<\/a><br \/>\n<a href=\"http:\/\/www.opera.com\/help\/tutorials\/security\/privacy\/\">Opera<\/a> (pagina in lingua inglese)<br \/>\n<a href=\"https:\/\/support.apple.com\/kb\/PH17191?locale=it_IT\">Safari<\/a><br \/>\nSe disabiliti i cookies, non sar\u00e0 possibile utilizzare alcune funzionalit\u00e0 delle pagine web.<\/p>\n<p><strong>Cosa sono i cookies temporanei?<\/strong><\/p>\n<p>I cookies temporanei o i cookies di sessione vengono rimossi dal Suo computer alla chiusura del browser. Grazie ad essi i siti web memorizzano informazioni temporanee, come ad esempio articoli nel carrello.<\/p>\n<p><strong>Cosa sono i cookies permanenti?<\/strong><\/p>\n<p>I cookies permanenti o salvati rimangono sul Suo computer anche dopo la chiusura del browser.<br \/>\nGrazie ad essi, i siti web memorizzano informazioni, come ad esempio il nome utente e la password, in modo da non dover accedere ogni volta che si  visita  un determinato sito web.<br \/>\nI cookies permanenti rimarranno sul Suo computer per giorni, mesi o anni.<\/p>\n<p><strong>Cosa sono i cookies di prima parte?<\/strong><\/p>\n<p>I cookies di prima parte provengono dai siti che sta guardando e possono essere permanenti o temporanei. Con questi cookies, i siti possono memorizzare i dati che useranno di nuovo al momento della visita del sito.<\/p>\n<p><strong>Cosa sono i cookies di terze parti?<\/strong><\/p>\n<p>I cookies di terze parti provengono da annunci di altri siti (come pop-ups o altri annunci) presenti sul sito che sta guardando. Con questi cookies, i siti web possono tracciare l&#8217;uso di Internet a scopo di marketing.<\/p>\n<p><strong>Questo sito utilizza i cookies?<\/strong><\/p>\n<p>S\u00ec, affinch\u00e9 le nostre pagine web Le diano una migliore esperienza.<\/p>\n<p><strong>Che tipo di cookies utilizziamo e perch\u00e9?<\/strong><\/p>\n<p>Cookies temporanei (ingl. Session cookies) &#8211; questi sono i cookies temporanei che scadono (e vengono automaticamente cancellati) alla chiusura del browser. Li utilizziamo per consentire l&#8217;accesso ai contenuti.<br \/>\nI cookies permanenti (ingl. Persistent cookies) &#8211; hanno di solito una scadenza fissa futura e resteranno nel Suo browser sino a questa scadenza, o fino alla eliminazione manuale. Il sito web utilizza cookies permanenti per funzionalit\u00e0 come ad esempio &#8220;Resta connesso&#8221;, che semplifica l\u2019accesso al portale come utente registrato. Utilizziamo anche cookies permanenti al fine di meglio capire abitudini degli utenti, in modo da migliorare la pagina in base alle Sue abitudini. Questa informazione resta anonima \u2013 i dati personali dell&#8217;utente non sono visibili.<\/p>\n<p><strong>Il sito web ha cookies di terze parti?<\/strong><\/p>\n<p>Esistono alcuni servizi esterni che salvano determinati cookies. Questi cookies sono impostati per il normale andamento di alcune funzionalit\u00e0 che rendono pi\u00f9 semplice agli utenti l&#8217;accesso ai contenuti.<\/p>\n<p><strong>Al momento permettiamo:<\/strong><\/p>\n<ul>\n<li><strong>I social network<\/strong><\/li>\n<\/ul>\n<p>Gli utenti possono accedere a nostro sito e registrarsi tramite il proprio account Facebook. Anche la condivisione dei post sui social network danno accesso ai cookies presso l\u2019utente.<\/p>\n<ul>\n<li><strong>Conteggio visita<\/strong><\/li>\n<\/ul>\n<p>La pagina web utilizza seguenti servizi di conteggio visite:  <a href=\"https:\/\/analytics.google.com\/\">Google Analytics<\/a><\/p>\n<p><strong>Ulteriori informazioni sulla disattivazione dei cookies<\/strong><br \/>\nEsistono attualmente diverse pagine web per la disattivazione della memorizzazione dei cookies dei vari fornitori di servizi. L\u2019utente pu\u00f2 ottenere istruzioni specifiche attraverso i link sottostanti:<br \/>\n<a href=\"http:\/\/www.allaboutcookies.org\/\">http:\/\/www.allaboutcookies.org\/<\/a><br \/>\n<a href=\"http:\/\/www.youronlinechoices.eu\/\">http:\/\/www.youronlinechoices.eu\/<\/a><\/p>\n<p><strong>Impostazioni dei cookies<\/strong><br \/>\n\n        <script>\n            CookieNotice({\n                trigger: \"#cookienotice-1.cookie-update .cookie-update-accept\",\n                options: \"#cookienotice-1.cookie-update .cookieconsent-option\",\n                notice: \"#cookienotice-1\",\n                reload: false,\n                googleAnalyticsDomain: \".marinalav.hr\",\n                cookieName: \"cookieoptions\",\n                onAccept: function() {\n                    var $msg = jQuery( \"#cookienotice-1 .cookie-update-msg\" );\n                    if ( $msg ) { $msg.addClass( \"open\" ) }\n                }\n            });\n        <\/script>\n        <div id=\"cookienotice-1\" class=\"cookie-update\">\n        \t<div class=\"cookie-update-outer\">\n              <div class=\"cookie-update-content\">\n                  <div class=\"cookieconsent-options\">\n                      <div class=\"cookieconsent-input-group\">\n                          <label><input type=\"checkbox\" name=\"necessary\" checked disabled \/> <span class=\"label\">Obbligatorio<\/span><\/label>\n                      <\/div>\n                      <div class=\"cookieconsent-input-group\">\n                          <label><input type=\"checkbox\" class=\"cookieconsent-option\" name=\"statistics\"  \/> <span class=\"label\">Statistica<\/span><\/label>\n                      <\/div>\n                  <\/div>\n                  <div class=\"cookie-update-msg\">Settings updated.<\/div>\n                  <div class=\"cookie-update-btn-container\"><button class=\"cookie-update-accept\" class=\"cookie-update-btn\">Cambia<\/button><\/div>\n              <\/div>\n          <\/div>\n        <\/div>\n        <\/p>\n","protected":false},"excerpt":{"rendered":"<p>Affinch\u00e9 la pagina web Marina Lav.hr funzioni correttamente e noi siamo in grado di fare ulteriori progressi per migliorare la Sua esperienza di navigazione, il medesimo sito deve salvare una piccola quantit\u00e0 di informazioni (cookies) sul Suo computer. Oltre il &hellip; <a href=\"https:\/\/marinalav.hr\/it\/cookie-policy\/\">Read More<\/a><\/p>\n","protected":false},"author":3,"featured_media":0,"parent":0,"menu_order":0,"comment_status":"closed","ping_status":"closed","template":"","meta":[],"_links":{"self":[{"href":"https:\/\/marinalav.hr\/it\/wp-json\/wp\/v2\/pages\/4278"}],"collection":[{"href":"https:\/\/marinalav.hr\/it\/wp-json\/wp\/v2\/pages"}],"about":[{"href":"https:\/\/marinalav.hr\/it\/wp-json\/wp\/v2\/types\/page"}],"author":[{"embeddable":true,"href":"https:\/\/marinalav.hr\/it\/wp-json\/wp\/v2\/users\/3"}],"replies":[{"embeddable":true,"href":"https:\/\/marinalav.hr\/it\/wp-json\/wp\/v2\/comments?post=4278"}],"version-history":[{"count":1,"href":"https:\/\/marinalav.hr\/it\/wp-json\/wp\/v2\/pages\/4278\/revisions"}],"predecessor-version":[{"id":4279,"href":"https:\/\/marinalav.hr\/it\/wp-json\/wp\/v2\/pages\/4278\/revisions\/4279"}],"wp:attachment":[{"href":"https:\/\/marinalav.hr\/it\/wp-json\/wp\/v2\/media?parent=4278"}],"curies":[{"name":"wp","href":"https:\/\/api.w.org\/{rel}","templated":true}]}}