{"id":3139,"date":"2016-04-28T09:48:17","date_gmt":"2016-04-28T09:48:17","guid":{"rendered":"http:\/\/www.marinalav.hr\/it\/poslovne-informacije\/"},"modified":"2016-11-23T19:57:02","modified_gmt":"2016-11-23T17:57:02","slug":"informazioni-giuridiche","status":"publish","type":"page","link":"https:\/\/marinalav.hr\/it\/informazioni-giuridiche\/","title":{"rendered":"Informazioni giuridiche"},"content":{"rendered":"\n<table id=\"tablepress-informazioni-giuridiche\" class=\"tablepress tablepress-id-informazioni-giuridiche\">\n<tbody class=\"row-hover\">\n<tr class=\"row-1 odd\">\n\t<td class=\"column-1\">SOCIET\u00c0:<\/td><td class=\"column-2\">GRAND HOTEL LAV d.o.o. <\/td>\n<\/tr>\n<tr class=\"row-2 even\">\n\t<td class=\"column-1\">DIREZIONE GENERALE:<\/td><td class=\"column-2\">GRLJEVA\u010cKA 2\/A, 21312 PODSTRANA, HRVATSKA (CROATIA)<\/td>\n<\/tr>\n<tr class=\"row-3 odd\">\n\t<td class=\"column-1\">ATTIVIT\u00c0:<\/td><td class=\"column-2\">Hotel e alloggi simili<\/td>\n<\/tr>\n<tr class=\"row-4 even\">\n\t<td class=\"column-1\">OIB<\/td><td class=\"column-2\">44693068925<\/td>\n<\/tr>\n<tr class=\"row-5 odd\">\n\t<td class=\"column-1\">NUMERO DI REGISTRAZIONE:<\/td><td class=\"column-2\">060185094<\/td>\n<\/tr>\n<tr class=\"row-6 even\">\n\t<td class=\"column-1\">CORTE DI ISCRIZIONE NEL REGISTRO:<\/td><td class=\"column-2\">Corte Commerciale a Spalato<\/td>\n<\/tr>\n<tr class=\"row-7 odd\">\n\t<td class=\"column-1\">CAPITALE SOCIALE:<\/td><td class=\"column-2\">21.912.800,00 \u20ac pagato per intero<\/td>\n<\/tr>\n<tr class=\"row-8 even\">\n\t<td class=\"column-1\">BANCA:<\/td><td class=\"column-2\">OTP Banka d.d. <\/td>\n<\/tr>\n<tr class=\"row-9 odd\">\n\t<td class=\"column-1\">IBAN:<\/td><td class=\"column-2\">IBAN: HR7924070001500022733<\/td>\n<\/tr>\n<tr class=\"row-10 even\">\n\t<td class=\"column-1\">SWIFT - BIC:<\/td><td class=\"column-2\">OTPVHR2X<\/td>\n<\/tr>\n<tr class=\"row-11 odd\">\n\t<td class=\"column-1\">MEMBRI DELLA DIREZIONE:<\/td><td class=\"column-2\">Dijana Vujevi\u0107 e Duje Bo\u017eikovi\u0107<\/td>\n<\/tr>\n<tr class=\"row-12 even\">\n\t<td class=\"column-1\">RAPPRESENTANTI UFFICIALI:<\/td><td class=\"column-2\">Dijana Vujevi\u0107 e Duje Bo\u017eikovi\u0107<\/td>\n<\/tr>\n<\/tbody>\n<\/table>\n<!-- #tablepress-informazioni-giuridiche from cache -->\n","protected":false},"excerpt":{"rendered":"","protected":false},"author":1,"featured_media":0,"parent":0,"menu_order":0,"comment_status":"closed","ping_status":"closed","template":"","meta":[],"_links":{"self":[{"href":"https:\/\/marinalav.hr\/it\/wp-json\/wp\/v2\/pages\/3139"}],"collection":[{"href":"https:\/\/marinalav.hr\/it\/wp-json\/wp\/v2\/pages"}],"about":[{"href":"https:\/\/marinalav.hr\/it\/wp-json\/wp\/v2\/types\/page"}],"author":[{"embeddable":true,"href":"https:\/\/marinalav.hr\/it\/wp-json\/wp\/v2\/users\/1"}],"replies":[{"embeddable":true,"href":"https:\/\/marinalav.hr\/it\/wp-json\/wp\/v2\/comments?post=3139"}],"version-history":[{"count":5,"href":"https:\/\/marinalav.hr\/it\/wp-json\/wp\/v2\/pages\/3139\/revisions"}],"predecessor-version":[{"id":3619,"href":"https:\/\/marinalav.hr\/it\/wp-json\/wp\/v2\/pages\/3139\/revisions\/3619"}],"wp:attachment":[{"href":"https:\/\/marinalav.hr\/it\/wp-json\/wp\/v2\/media?parent=3139"}],"curies":[{"name":"wp","href":"https:\/\/api.w.org\/{rel}","templated":true}]}}