{"id":2451,"date":"2016-03-22T14:01:30","date_gmt":"2016-03-22T14:01:30","guid":{"rendered":"http:\/\/www.marinalav.hr\/en\/novosti\/"},"modified":"2018-03-28T14:05:49","modified_gmt":"2018-03-28T12:05:49","slug":"latest-news","status":"publish","type":"page","link":"https:\/\/marinalav.hr\/en\/latest-news\/","title":{"rendered":"Latest News"},"content":{"rendered":"<div id=\"sub-header-content\"><img title=\"Home\" src=\"http:\/\/dhmb.org\/wp-content\/uploads\/2010\/10\/dhmb-naslovna2018-01.png\" alt=\"Home\" \/><\/div>\n<div>\n<p style=\"line-height: 15.0pt; background: #287DB6; vertical-align: baseline; margin: 0cm 0cm 15.0pt 0cm;\"><span style=\"font-size: 10.0pt; font-family: Arial; color: white;\">Po\u0161tovani prijatelji,<br \/>\nPred nama su jubilarni 10. Dani hrvatske male brodogradnje \u2013 nacionalna nauti\u010dka smotra, kojom imamo \u010dast ponovo predstaviti i ponuditi \u0161irem tr\u017ei\u0161tu najbolje od doma\u0107e proizvodnje plovila, nauti\u010dke i plovne opreme. Premijere plovila, probne i testne vo\u017enje, stru\u010dni skupovi , inovacije unutar doma\u0107e brodogra\u0111evne industrije dio su i ovogodi\u0161njeg programa kojim \u017eelimo naglasiti sve prednosti kupnje doma\u0107ih plovila i nauti\u010dkih proizvoda.<br \/>\nS ponosom predstavljamo i novo izdanje Sajma turisti\u010dkih atrakcija kojim \u0107emo u do sada najve\u0107em obimu predstaviti proizvode namjenjene svim nositeljima turisti\u010dke i sportske outdoor ponude. Kroz brojna natjecanja i prezentacije na vodi i na suhom, upoznati \u0107emo Vas s bogatom ponudom turisti\u010dkih atrakcija, kojima \u0107ete pove\u0107ati raznolikost i atraktivnost Va\u0161ih djelatnosti ili odmora.<\/span><\/p>\n<p style=\"line-height: 15.0pt; background: #287DB6; vertical-align: baseline; margin: 0cm 0cm 15.0pt 0cm;\"><span style=\"font-size: 10.0pt; font-family: Arial; color: white;\">Stoga, predstavite sve Va\u0161e proizvode za more, sport i odmor \u0161irem tr\u017ei\u0161tu i posjetiteljima kojima je posjet tradicionalno besplatan. Dobrodo\u0161li !<\/span><\/p>\n<\/div>\n<div><\/div>\n","protected":false},"excerpt":{"rendered":"<p>Po\u0161tovani prijatelji, Pred nama su jubilarni 10. Dani hrvatske male brodogradnje \u2013 nacionalna nauti\u010dka smotra, kojom imamo \u010dast ponovo predstaviti i ponuditi \u0161irem tr\u017ei\u0161tu najbolje od doma\u0107e proizvodnje plovila, nauti\u010dke i plovne opreme. Premijere plovila, probne i testne vo\u017enje, stru\u010dni &hellip; <a href=\"https:\/\/marinalav.hr\/en\/latest-news\/\">Read More<\/a><\/p>\n","protected":false},"author":1,"featured_media":0,"parent":0,"menu_order":0,"comment_status":"closed","ping_status":"closed","template":"templates\/blog-standard.php","meta":[],"_links":{"self":[{"href":"https:\/\/marinalav.hr\/en\/wp-json\/wp\/v2\/pages\/2451"}],"collection":[{"href":"https:\/\/marinalav.hr\/en\/wp-json\/wp\/v2\/pages"}],"about":[{"href":"https:\/\/marinalav.hr\/en\/wp-json\/wp\/v2\/types\/page"}],"author":[{"embeddable":true,"href":"https:\/\/marinalav.hr\/en\/wp-json\/wp\/v2\/users\/1"}],"replies":[{"embeddable":true,"href":"https:\/\/marinalav.hr\/en\/wp-json\/wp\/v2\/comments?post=2451"}],"version-history":[{"count":3,"href":"https:\/\/marinalav.hr\/en\/wp-json\/wp\/v2\/pages\/2451\/revisions"}],"predecessor-version":[{"id":4088,"href":"https:\/\/marinalav.hr\/en\/wp-json\/wp\/v2\/pages\/2451\/revisions\/4088"}],"wp:attachment":[{"href":"https:\/\/marinalav.hr\/en\/wp-json\/wp\/v2\/media?parent=2451"}],"curies":[{"name":"wp","href":"https:\/\/api.w.org\/{rel}","templated":true}]}}