{"id":4276,"date":"2018-09-17T17:18:17","date_gmt":"2018-09-17T15:18:17","guid":{"rendered":"http:\/\/www.marinalav.hr\/?page_id=4276\/"},"modified":"2018-09-17T17:18:17","modified_gmt":"2018-09-17T15:18:17","slug":"cookie-richtlinie","status":"publish","type":"page","link":"https:\/\/marinalav.hr\/de\/cookie-richtlinie\/","title":{"rendered":"Cookie-richtlinie"},"content":{"rendered":"<p>Damit die Website von MarinaLav.hr ordnungsgem\u00e4\u00df funktioniert und uns erm\u00f6glicht unsere Website und Ihr Browser-Erlebnis weiter zu verbessern, muss sie eine kleine Menge an Informationen (Cookies) auf Ihrem Computer speichern. \u00dcber 90% aller Websites verwenden Cookies, aber gem\u00e4\u00df der EU-Richtlinie vom 25. M\u00e4rz 2011 sind wir verpflichtet vor der Speicherung von Cookies Ihre Zustimmung einzuholen. Durch die Nutzung dieser Webseite stimmen Sie der Verwendung von Cookies zu. Durch das Blockieren von Cookies k\u00f6nnen Sie diese Webseite weiterhin durchsuchen, einige Funktionen werden Ihnen jedoch nicht zur Verf\u00fcgung stehen.<\/p>\n<p><strong>Was ist ein Cookie?<\/strong><\/p>\n<p>Cookie ist eine Informationseinheit, die von der von Ihnen besuchten Website auf Ihrem Computer gespeichert wurde. Cookies speichern in der Regel Ihre Einstellungen, Webseite-Einstellungen wie Ihre bevorzugte Sprache oder Adresse. Wenn Sie sp\u00e4ter dieselbe Webseite erneut \u00f6ffnen, sendet der Webbrowser die Cookies, die zu dieser Seite geh\u00f6ren, zur\u00fcck. Dadurch kann die Webseite Informationen anzeigen, die Ihren Anforderungen entsprechen.<\/p>\n<p>Cookies k\u00f6nnen eine Vielzahl von Informationen speichern, einschlie\u00dflich pers\u00f6nlicher Daten (wie beispielsweise Ihren Namen oder Ihre E-Mail-Adresse). Diese Informationen k\u00f6nnen jedoch nur gespeichert werden, wenn Sie dies erm\u00f6glichen &#8211; die Webseiten erhalten keinen Zugang zu Daten, die Sie nicht zur Verf\u00fcgung gestellt haben und sie k\u00f6nnen auch nicht auf andere Dateien in Ihrem Computer zugreifen. Standardaktivit\u00e4ten wie das Speichern und Senden von Cookies sind f\u00fcr Sie nicht sichtbar. Sie k\u00f6nnen jedoch Ihre Browsereinstellungen \u00e4ndern und dabei ausw\u00e4hlen, ob Sie Cookie-Speicheranfragen genehmigen oder ablehnen, die gespeicherten Cookies beim Schlie\u00dfen des Webbrowsers automatisch l\u00f6schen, und \u00c4hnliches.<\/p>\n<p><strong>Wie kann man Cookies deaktivieren?<\/strong><\/p>\n<p>Durch die Deaktivierung von Cookies entscheiden Sie, ob Cookies auf Ihrem Computer gespeichert d\u00fcrfen werden. Cookie-Einstellungen k\u00f6nnen in Ihrem Webbrowser gesteuert und konfiguriert werden. F\u00fcr weitere Informationen zu den Cookie-Einstellungen, w\u00e4hlen Sie den von Ihnen verwendeten Webbrowser aus.<\/p>\n<p><a href=\"https:\/\/support.google.com\/accounts\/answer\/61416?hl=de\">Chrome<\/a><br \/>\n<a href=\"https:\/\/support.mozilla.org\/en-US\/kb\/enable-and-disable-cookies-website-preferences\">Firefox<\/a><br \/>\n<a href=\"http:\/\/windows.microsoft.com\/en-us\/windows7\/block-enable-or-allow-cookies\">Internet Explorer 9<\/a><br \/>\n<a href=\"http:\/\/windows.microsoft.com\/en-us\/windows7\/block-enable-or-allow-cookies\">Internet Explorer 7 i 8<\/a><br \/>\n<a href=\"http:\/\/www.opera.com\/help\/tutorials\/security\/privacy\/\">Opera<\/a> (Webseite in englischer Sprache))<br \/>\n<a href=\"https:\/\/support.apple.com\/kb\/PH17191?locale=de_DE\">Safari<\/a><br \/>\nFalls Sie Cookies deaktivieren, k\u00f6nnen Sie einige Funktionen auf den Webseiten nicht nutzen.<\/p>\n<p><strong>Was sind tempor\u00e4re Cookies?<\/strong><\/p>\n<p>Tempor\u00e4re Cookies oder Session-Cookies werden nach dem Schlie\u00dfen des Webbrowsers von Ihrem Computer entfernt. Webseiten verwenden sie zum Speichern von vorl\u00e4ufigen Daten, z. B. Artikel im Warenkorb.<\/p>\n<p><strong>Was sind permanente Cookies?<\/strong><\/p>\n<p>Permanente oder gespeicherte Cookies verbleiben auf Ihrem Computer, nachdem Sie den Webbrowser geschlossen haben. Webseiten verwenden sie, um Daten wie Ihren Anmeldenamen und Ihr Passwort zu speichern, damit Sie sich nicht bei jedem Besuch einer bestimmten Seite anmelden m\u00fcssen. Permanente Cookies bleiben tage-, monate- oder sogar jahrelang auf Ihrem Computer gespeichert.<\/p>\n<p><strong>Was sind Erstanbieter-Cookies?<\/strong><\/p>\n<p>Erstanbieter-Cookies werden von den von Ihnen aufgerufenen Webseiten erstellt und k\u00f6nnen dauerhaft oder vor\u00fcbergehend sein. Mit diesen Cookies k\u00f6nnen Webseiten die Daten speichern, die sie bei Ihrem n\u00e4chsten Besuch wiederverwenden.<\/p>\n<p><strong>Was sind Drittanbieter-Cookies?<\/strong><\/p>\n<p>Cookies von Drittanbietern werden von Anzeigen anderer Webseiten (z. B. Pop-ups oder anderen Anzeigen) erstellt, die auf der angezeigten Webseite erscheinen. Mit diesen Cookies k\u00f6nnen Webseiten Internetnutzung zu Marketingzwecken verfolgen.<\/p>\n<p><strong>Verwendet diese Seite Cookies?<\/strong><\/p>\n<p>Ja, mit dem Hauptziel, ein besseres Nutzererlebnis auf unseren Websites zu bieten.<\/p>\n<p><strong>Welche Cookies verwenden wir und warum?<\/strong><\/p>\n<p>Tempor\u00e4re Cookies (engl. Session cookies) &#8211; diese sind vorl\u00e4ufige Cookies, die nach dem Schlie\u00dfen des Internet-Browsers ablaufen (und automatisch gel\u00f6scht werden). Wir verwenden sie, um den Zugriff auf Inhalte zu erm\u00f6glichen.<br \/>\nPermanente Cookies (engl. Persistent cookies) haben in der Regel ein Ablaufdatum weit in der Zukunft und bleiben in Ihrem Browser, bis sie ablaufen oder bis Sie sie manuell l\u00f6schen. Diese Webseite verwendet dauerhafte Cookies f\u00fcr Funktionen wie &#8222;Angemeldet bleiben&#8220;, die es Nutzern erleichtern, als registrierte Nutzer auf das Portal zuzugreifen. Wir verwenden auch dauerhafte Cookies, um die Nutzergewohnheiten besser zu verstehen, so dass wir die Website gem\u00e4\u00df Ihren Gewohnheiten verbessern k\u00f6nnen. Diese Information ist anonym &#8211; pers\u00f6nliche Nutzerdaten werden nicht angezeigt.<\/p>\n<p><strong>Gibt es Cookies von Drittanbietern auf der Website?<\/strong><\/p>\n<p>Es gibt mehrere externe Serviceanbieter, die Cookies f\u00fcr Benutzer speichern. Diese Cookies werden verwendet, um das ordnungsgem\u00e4\u00dfe Funktionieren bestimmter Features zu erm\u00f6glichen, die den Nutzern den Zugriff auf den Inhalt erleichtern.<\/p>\n<p><strong>Diese Webseite erm\u00f6glicht derzeit:<\/strong><\/p>\n<ul>\n<li><strong>Soziale Netzwerke<\/strong><\/li>\n<\/ul>\n<p>Nutzer k\u00f6nnen sich \u00fcber ihre Facebook-Konten anmelden und registrieren. Durch das Teilen von Beitr\u00e4gen in sozialen Netzwerken werden auch Cookies aktiviert.<\/p>\n<ul>\n<li><strong>Messung der Besuchsh\u00e4ufigkeit<\/strong><\/li>\n<\/ul>\n<p>Diese Webseite verwendet folgende Serviceanbieter zur Messung der Besuchsh\u00e4ufigkeit: <a href=\"https:\/\/analytics.google.com\/\">Google Analytics<\/a><\/p>\n<p><strong>Weitere Informationen zum Deaktivieren von Cookies<\/strong><br \/>\nDerzeit gibt es mehrere Webseiten zum Deaktivieren der Speicherung von Cookies von verschiedenen Serviceanbietern. Weitere Informationen dar\u00fcber finden Sie auf folgenden Links:<br \/>\n<a href=\"http:\/\/www.allaboutcookies.org\/\">http:\/\/www.allaboutcookies.org\/<\/a><br \/>\n<a href=\"http:\/\/www.youronlinechoices.eu\/\">http:\/\/www.youronlinechoices.eu\/<\/a><\/p>\n<p><strong>Cookie-Einstellungen<\/strong><br \/>\n\n        <script>\n            CookieNotice({\n                trigger: \"#cookienotice-1.cookie-update .cookie-update-accept\",\n                options: \"#cookienotice-1.cookie-update .cookieconsent-option\",\n                notice: \"#cookienotice-1\",\n                reload: false,\n                googleAnalyticsDomain: \".marinalav.hr\",\n                cookieName: \"cookieoptions\",\n                onAccept: function() {\n                    var $msg = jQuery( \"#cookienotice-1 .cookie-update-msg\" );\n                    if ( $msg ) { $msg.addClass( \"open\" ) }\n                }\n            });\n        <\/script>\n        <div id=\"cookienotice-1\" class=\"cookie-update\">\n        \t<div class=\"cookie-update-outer\">\n              <div class=\"cookie-update-content\">\n                  <div class=\"cookieconsent-options\">\n                      <div class=\"cookieconsent-input-group\">\n                          <label><input type=\"checkbox\" name=\"necessary\" checked disabled \/> <span class=\"label\">Obligatorisch<\/span><\/label>\n                      <\/div>\n                      <div class=\"cookieconsent-input-group\">\n                          <label><input type=\"checkbox\" class=\"cookieconsent-option\" name=\"statistics\"  \/> <span class=\"label\">Statistik<\/span><\/label>\n                      <\/div>\n                  <\/div>\n                  <div class=\"cookie-update-msg\">Settings updated.<\/div>\n                  <div class=\"cookie-update-btn-container\"><button class=\"cookie-update-accept\" class=\"cookie-update-btn\">\u00c4ndern<\/button><\/div>\n              <\/div>\n          <\/div>\n        <\/div>\n        <\/p>\n","protected":false},"excerpt":{"rendered":"<p>Damit die Website von MarinaLav.hr ordnungsgem\u00e4\u00df funktioniert und uns erm\u00f6glicht unsere Website und Ihr Browser-Erlebnis weiter zu verbessern, muss sie eine kleine Menge an Informationen (Cookies) auf Ihrem Computer speichern. \u00dcber 90% aller Websites verwenden Cookies, aber gem\u00e4\u00df der EU-Richtlinie &hellip; <a href=\"https:\/\/marinalav.hr\/de\/cookie-richtlinie\/\">Read More<\/a><\/p>\n","protected":false},"author":3,"featured_media":0,"parent":0,"menu_order":0,"comment_status":"closed","ping_status":"closed","template":"","meta":[],"_links":{"self":[{"href":"https:\/\/marinalav.hr\/de\/wp-json\/wp\/v2\/pages\/4276"}],"collection":[{"href":"https:\/\/marinalav.hr\/de\/wp-json\/wp\/v2\/pages"}],"about":[{"href":"https:\/\/marinalav.hr\/de\/wp-json\/wp\/v2\/types\/page"}],"author":[{"embeddable":true,"href":"https:\/\/marinalav.hr\/de\/wp-json\/wp\/v2\/users\/3"}],"replies":[{"embeddable":true,"href":"https:\/\/marinalav.hr\/de\/wp-json\/wp\/v2\/comments?post=4276"}],"version-history":[{"count":1,"href":"https:\/\/marinalav.hr\/de\/wp-json\/wp\/v2\/pages\/4276\/revisions"}],"predecessor-version":[{"id":4277,"href":"https:\/\/marinalav.hr\/de\/wp-json\/wp\/v2\/pages\/4276\/revisions\/4277"}],"wp:attachment":[{"href":"https:\/\/marinalav.hr\/de\/wp-json\/wp\/v2\/media?parent=4276"}],"curies":[{"name":"wp","href":"https:\/\/api.w.org\/{rel}","templated":true}]}}