{"id":3138,"date":"2016-04-28T09:48:17","date_gmt":"2016-04-28T09:48:17","guid":{"rendered":"http:\/\/www.marinalav.hr\/de\/poslovne-informacije\/"},"modified":"2016-11-23T19:50:08","modified_gmt":"2016-11-23T17:50:08","slug":"rechtliche-informationen","status":"publish","type":"page","link":"https:\/\/marinalav.hr\/de\/rechtliche-informationen\/","title":{"rendered":"Rechtliche Informationen"},"content":{"rendered":"\n<table id=\"tablepress-rectliche-informationen\" class=\"tablepress tablepress-id-rectliche-informationen\">\n<tbody class=\"row-hover\">\n<tr class=\"row-1 odd\">\n\t<td class=\"column-1\">FIRMA:<\/td><td class=\"column-2\">GRAND HOTEL LAV d.o.o. <\/td>\n<\/tr>\n<tr class=\"row-2 even\">\n\t<td class=\"column-1\">UNTERNEHMENSZENTRALE:<\/td><td class=\"column-2\">GRLJEVA\u010cKA 2\/A, 21312 PODSTRANA, HRVATSKA (CROATIA)<\/td>\n<\/tr>\n<tr class=\"row-3 odd\">\n\t<td class=\"column-1\">UNTERNEHMENST\u00c4TIGKEIT:<\/td><td class=\"column-2\">Hotels und \u00e4hnliche Unterk\u00fcnfte<\/td>\n<\/tr>\n<tr class=\"row-4 even\">\n\t<td class=\"column-1\">OIB<\/td><td class=\"column-2\">44693068925<\/td>\n<\/tr>\n<tr class=\"row-5 odd\">\n\t<td class=\"column-1\">UNTERNEHMENS-IDENTIFIKATIONSNUMMER:<\/td><td class=\"column-2\">060185094<\/td>\n<\/tr>\n<tr class=\"row-6 even\">\n\t<td class=\"column-1\">GERICHT DER EINTRAGUNG INS REGISTER:<\/td><td class=\"column-2\">Handelsgericht Split<\/td>\n<\/tr>\n<tr class=\"row-7 odd\">\n\t<td class=\"column-1\">GRUNDKAPITAL:<\/td><td class=\"column-2\">21.912.800,00 \u20ac in voller H\u00f6he gezahlt<\/td>\n<\/tr>\n<tr class=\"row-8 even\">\n\t<td class=\"column-1\">BANK:<\/td><td class=\"column-2\">OTP Banka d.d. <\/td>\n<\/tr>\n<tr class=\"row-9 odd\">\n\t<td class=\"column-1\">IBAN:<\/td><td class=\"column-2\">IBAN: HR7924070001500022733<\/td>\n<\/tr>\n<tr class=\"row-10 even\">\n\t<td class=\"column-1\">SWIFT - BIC:<\/td><td class=\"column-2\">OTPVHR2X<\/td>\n<\/tr>\n<tr class=\"row-11 odd\">\n\t<td class=\"column-1\">VERWALTUNG:<\/td><td class=\"column-2\">Dijana Vujevi\u0107 und Duje Bo\u017eikovi\u0107<\/td>\n<\/tr>\n<tr class=\"row-12 even\">\n\t<td class=\"column-1\">BEVOLLM\u00c4CHTIGTE VERTRETER:<\/td><td class=\"column-2\">Dijana Vujevi\u0107 und Duje Bo\u017eikovi\u0107<\/td>\n<\/tr>\n<\/tbody>\n<\/table>\n<!-- #tablepress-rectliche-informationen from cache -->\n","protected":false},"excerpt":{"rendered":"","protected":false},"author":1,"featured_media":0,"parent":0,"menu_order":0,"comment_status":"closed","ping_status":"closed","template":"","meta":[],"_links":{"self":[{"href":"https:\/\/marinalav.hr\/de\/wp-json\/wp\/v2\/pages\/3138"}],"collection":[{"href":"https:\/\/marinalav.hr\/de\/wp-json\/wp\/v2\/pages"}],"about":[{"href":"https:\/\/marinalav.hr\/de\/wp-json\/wp\/v2\/types\/page"}],"author":[{"embeddable":true,"href":"https:\/\/marinalav.hr\/de\/wp-json\/wp\/v2\/users\/1"}],"replies":[{"embeddable":true,"href":"https:\/\/marinalav.hr\/de\/wp-json\/wp\/v2\/comments?post=3138"}],"version-history":[{"count":5,"href":"https:\/\/marinalav.hr\/de\/wp-json\/wp\/v2\/pages\/3138\/revisions"}],"predecessor-version":[{"id":3615,"href":"https:\/\/marinalav.hr\/de\/wp-json\/wp\/v2\/pages\/3138\/revisions\/3615"}],"wp:attachment":[{"href":"https:\/\/marinalav.hr\/de\/wp-json\/wp\/v2\/media?parent=3138"}],"curies":[{"name":"wp","href":"https:\/\/api.w.org\/{rel}","templated":true}]}}